{"id":98,"date":"2024-05-07T13:43:36","date_gmt":"2024-05-07T16:43:36","guid":{"rendered":"https:\/\/www.santosdumont.org\/?page_id=98"},"modified":"2024-05-07T13:50:49","modified_gmt":"2024-05-07T16:50:49","slug":"timeline-davida-de-santosdumont","status":"publish","type":"page","link":"https:\/\/www.santosdumont.org\/?page_id=98","title":{"rendered":"TIMELINE DE SANTOS=DUMONT"},"content":{"rendered":"\n<p><\/p>\n\n\n\n<figure class=\"wp-block-image size-large\"><a href=\"https:\/\/www.santosdumont.org\/wp-content\/uploads\/2024\/05\/Timelina.jpg\"><img loading=\"lazy\" decoding=\"async\" width=\"1024\" height=\"782\" src=\"https:\/\/www.santosdumont.org\/wp-content\/uploads\/2024\/05\/Timelina-1024x782.jpg\" alt=\"\" class=\"wp-image-100\" srcset=\"https:\/\/www.santosdumont.org\/wp-content\/uploads\/2024\/05\/Timelina-1024x782.jpg 1024w, https:\/\/www.santosdumont.org\/wp-content\/uploads\/2024\/05\/Timelina-300x229.jpg 300w, https:\/\/www.santosdumont.org\/wp-content\/uploads\/2024\/05\/Timelina-768x587.jpg 768w, https:\/\/www.santosdumont.org\/wp-content\/uploads\/2024\/05\/Timelina-1536x1174.jpg 1536w, https:\/\/www.santosdumont.org\/wp-content\/uploads\/2024\/05\/Timelina-2048x1565.jpg 2048w\" sizes=\"auto, (max-width: 1024px) 100vw, 1024px\" \/><\/a><\/figure>\n\n\n\n<p>Neste link, voc\u00ea encontrar\u00e1 muito mais do que uma simples linha do tempo dos feitos de Santos=Dumont. O blog &#8220;A Vida Maravilhosa de Santos=Dumont&#8221; ricamente editado e ilustrado por Luiz Pagano,  oferece uma imers\u00e3o completa na vida e no legado do grande pioneiro da avia\u00e7\u00e3o. Al\u00e9m de uma linha do tempo detalhada, voc\u00ea ter\u00e1 acesso a descri\u00e7\u00f5es detalhadas de seus inventos, insights sobre sua vida pessoal e profissional, e uma an\u00e1lise profunda de seu impacto na hist\u00f3ria da avia\u00e7\u00e3o e na cultura brasileira.<\/p>\n\n\n\n<blockquote class=\"wp-block-quote is-layout-flow wp-block-quote-is-layout-flow\">\n<p class=\"has-medium-font-size\"><a href=\"https:\/\/santosdumontvida.blogspot.com\/2023\/08\/timeline-de-santos-dumont-e-das.html\">Acesse aqui a Timeline e Muito Mais Sobre a Vida de Santos=Dumont<\/a><\/p>\n<\/blockquote>\n\n\n\n<p>Este reconhecido blog \u00e9 uma fonte rica de informa\u00e7\u00f5es para qualquer pessoa interessada na vida e obra de Santos=Dumont. Seja voc\u00ea um entusiasta da avia\u00e7\u00e3o, um estudante de hist\u00f3ria ou simplesmente algu\u00e9m curioso sobre os feitos extraordin\u00e1rios deste vision\u00e1rio brasileiro, voc\u00ea encontrar\u00e1 uma variedade de conte\u00fados fascinantes e bem pesquisados para explorar.<\/p>\n\n\n\n<p>N\u00e3o perca a oportunidade de mergulhar na vida maravilhosa de Santos=Dumont atrav\u00e9s deste blog excepcionalmente informativo e envolvente. Clique no link e embarque em uma jornada emocionante pelo mundo do &#8220;Pai da Avia\u00e7\u00e3o&#8221;.<\/p>\n","protected":false},"excerpt":{"rendered":"<p>Neste link, voc\u00ea encontrar\u00e1 muito mais do que uma simples linha do tempo dos feitos de Santos=Dumont. O blog &#8220;A Vida Maravilhosa de Santos=Dumont&#8221; ricamente editado e ilustrado por Luiz Pagano, oferece uma imers\u00e3o completa na vida e no legado do grande pioneiro da avia\u00e7\u00e3o. Al\u00e9m de uma linha do tempo detalhada, voc\u00ea ter\u00e1 acesso &hellip; <a href=\"https:\/\/www.santosdumont.org\/?page_id=98\" class=\"more-link\">Continue lendo <span class=\"screen-reader-text\">TIMELINE DE SANTOS=DUMONT<\/span> <span class=\"meta-nav\">&rarr;<\/span><\/a><\/p>\n","protected":false},"author":4,"featured_media":0,"parent":0,"menu_order":0,"comment_status":"closed","ping_status":"closed","template":"","meta":{"footnotes":""},"class_list":["post-98","page","type-page","status-publish","hentry"],"_links":{"self":[{"href":"https:\/\/www.santosdumont.org\/index.php?rest_route=\/wp\/v2\/pages\/98","targetHints":{"allow":["GET"]}}],"collection":[{"href":"https:\/\/www.santosdumont.org\/index.php?rest_route=\/wp\/v2\/pages"}],"about":[{"href":"https:\/\/www.santosdumont.org\/index.php?rest_route=\/wp\/v2\/types\/page"}],"author":[{"embeddable":true,"href":"https:\/\/www.santosdumont.org\/index.php?rest_route=\/wp\/v2\/users\/4"}],"replies":[{"embeddable":true,"href":"https:\/\/www.santosdumont.org\/index.php?rest_route=%2Fwp%2Fv2%2Fcomments&post=98"}],"version-history":[{"count":3,"href":"https:\/\/www.santosdumont.org\/index.php?rest_route=\/wp\/v2\/pages\/98\/revisions"}],"predecessor-version":[{"id":105,"href":"https:\/\/www.santosdumont.org\/index.php?rest_route=\/wp\/v2\/pages\/98\/revisions\/105"}],"wp:attachment":[{"href":"https:\/\/www.santosdumont.org\/index.php?rest_route=%2Fwp%2Fv2%2Fmedia&parent=98"}],"curies":[{"name":"wp","href":"https:\/\/api.w.org\/{rel}","templated":true}]}}