{"id":70,"date":"2024-04-24T11:41:35","date_gmt":"2024-04-24T14:41:35","guid":{"rendered":"https:\/\/www.santosdumont.org\/?page_id=70"},"modified":"2024-04-24T11:54:21","modified_gmt":"2024-04-24T14:54:21","slug":"premio-o-homem-voa","status":"publish","type":"page","link":"https:\/\/www.santosdumont.org\/?page_id=70","title":{"rendered":"PR\u00caMIO &#8216;O HOMEM VOA&#8217;"},"content":{"rendered":"\n<figure class=\"wp-block-image size-large\"><a href=\"https:\/\/www.santosdumont.org\/wp-content\/uploads\/2024\/04\/Premio-o-Homem-voa-Luiz-Pagano-Yassuyuki-e-Masako.jpg\"><img loading=\"lazy\" decoding=\"async\" width=\"1024\" height=\"747\" src=\"https:\/\/www.santosdumont.org\/wp-content\/uploads\/2024\/04\/Premio-o-Homem-voa-Luiz-Pagano-Yassuyuki-e-Masako-1024x747.jpg\" alt=\"\" class=\"wp-image-74\" srcset=\"https:\/\/www.santosdumont.org\/wp-content\/uploads\/2024\/04\/Premio-o-Homem-voa-Luiz-Pagano-Yassuyuki-e-Masako-1024x747.jpg 1024w, https:\/\/www.santosdumont.org\/wp-content\/uploads\/2024\/04\/Premio-o-Homem-voa-Luiz-Pagano-Yassuyuki-e-Masako-300x219.jpg 300w, https:\/\/www.santosdumont.org\/wp-content\/uploads\/2024\/04\/Premio-o-Homem-voa-Luiz-Pagano-Yassuyuki-e-Masako-768x561.jpg 768w, https:\/\/www.santosdumont.org\/wp-content\/uploads\/2024\/04\/Premio-o-Homem-voa-Luiz-Pagano-Yassuyuki-e-Masako.jpg 1429w\" sizes=\"auto, (max-width: 1024px) 100vw, 1024px\" \/><\/a><\/figure>\n\n\n\n<p>Luiz Pagano, membro independente do Conselho, representando o INSTITUTO CULTURAL SANTOS=DUMONT, viajou para o Jap\u00e3o nos meses de abril e maio de 2016, para conceder o inaugural pr\u00eamio &#8220;M\u00e9rito Homem Voa&#8221;. Esta prestigiada honraria foi concedida a Masako Hori, do departamento editorial e de comunica\u00e7\u00e3o de marca da revista AGORA (revista de bordo vip da Japan Airlines) , e Yasuyuki Ukita escritor e jornalista renomado por seu profundo conhecimento de Santos=Dumont. Notavelmente, Ukita \u00e9 descendente de Kokichi Ukita (\u6d6e\u7530\u5e78\u5409 1757 &#8211; 1847), o pioneiro dos voos planadores na hist\u00f3ria da avia\u00e7\u00e3o japonesa.<\/p>\n\n\n\n<p>O evento foi um marco significativo no cont\u00ednuo discurso sobre as contribui\u00e7\u00f5es de Alberto Santos=Dumont para o campo da avia\u00e7\u00e3o. Com uma rica pauta e um compromisso firme em descobrir verdades hist\u00f3ricas, a comunidade japonesa emergiu como defensora do legado de Santos=Dumont, desafiando narrativas predominantes sobre a hist\u00f3ria da avia\u00e7\u00e3o.<\/p>\n\n\n\n<figure class=\"wp-block-image size-large\"><a href=\"https:\/\/www.santosdumont.org\/wp-content\/uploads\/2024\/04\/IMG_6803.jpg\"><img loading=\"lazy\" decoding=\"async\" width=\"1024\" height=\"1024\" src=\"https:\/\/www.santosdumont.org\/wp-content\/uploads\/2024\/04\/IMG_6803-1024x1024.jpg\" alt=\"\" class=\"wp-image-76\" srcset=\"https:\/\/www.santosdumont.org\/wp-content\/uploads\/2024\/04\/IMG_6803-1024x1024.jpg 1024w, https:\/\/www.santosdumont.org\/wp-content\/uploads\/2024\/04\/IMG_6803-300x300.jpg 300w, https:\/\/www.santosdumont.org\/wp-content\/uploads\/2024\/04\/IMG_6803-150x150.jpg 150w, https:\/\/www.santosdumont.org\/wp-content\/uploads\/2024\/04\/IMG_6803-768x768.jpg 768w, https:\/\/www.santosdumont.org\/wp-content\/uploads\/2024\/04\/IMG_6803-1536x1536.jpg 1536w, https:\/\/www.santosdumont.org\/wp-content\/uploads\/2024\/04\/IMG_6803-2048x2048.jpg 2048w\" sizes=\"auto, (max-width: 1024px) 100vw, 1024px\" \/><\/a><\/figure>\n\n\n\n<p>Nos \u00faltimos anos, houve um consenso crescente dentro da comunidade japonesa a favor de Santos=Dumont em detrimento dos irm\u00e3os Wright no debate sobre &#8220;quem deu asas \u00e0 humanidade&#8221;. Com todo respeito e admira\u00e7\u00e3o pelos incr\u00edveis trabalhos realizados pelos inventores americanos, essa mudan\u00e7a de perspectiva est\u00e1 enraizada em um exame meticuloso de registros hist\u00f3ricos e uma dedica\u00e7\u00e3o em discernir a verdade de narrativas oficiais de enaltecimento americano, que independem do real m\u00e9rito.<\/p>\n\n\n\n<p>As conquistas inovadoras de Santos=Dumont, especialmente seu voo hist\u00f3rico em 1906 com a aeronave 14-bis, t\u00eam recebido uma aprecia\u00e7\u00e3o e reconhecimento renovados. Apesar das m\u00faltiplas tentativas de desacreditar suas realiza\u00e7\u00f5es, o legado de Santos=Dumont continua a ressoar com aqueles que valorizam precis\u00e3o, inova\u00e7\u00e3o e perseveran\u00e7a.<\/p>\n\n\n\n<p>O pr\u00eamio &#8220;M\u00e9rito Homem Voa&#8221; serve como um testemunho do impacto e legado duradouros de Santos=Dumont. Ao homenagear indiv\u00edduos que incorporam o esp\u00edrito de explora\u00e7\u00e3o e inova\u00e7\u00e3o, o Instituto Santos=Dumont busca inspirar as futuras gera\u00e7\u00f5es a alcan\u00e7ar novas alturas de descoberta e realiza\u00e7\u00e3o.<\/p>\n\n\n\n<p>A visita de Luiz Pagano ao Jap\u00e3o e a apresenta\u00e7\u00e3o do pr\u00eamio destacam a signific\u00e2ncia global das contribui\u00e7\u00f5es de Santos=Dumont para a hist\u00f3ria da avia\u00e7\u00e3o. \u00c0 medida que o mundo continua a celebrar e reconhecer seu esp\u00edrito pioneiro, fica evidente que o legado de Santos=Dumont transcende fronteiras e culturas, deixando uma marca indel\u00e9vel na imagina\u00e7\u00e3o coletiva da humanidade.<\/p>\n","protected":false},"excerpt":{"rendered":"<p>Luiz Pagano, membro independente do Conselho, representando o INSTITUTO CULTURAL SANTOS=DUMONT, viajou para o Jap\u00e3o nos meses de abril e maio de 2016, para conceder o inaugural pr\u00eamio &#8220;M\u00e9rito Homem Voa&#8221;. Esta prestigiada honraria foi concedida a Masako Hori, do departamento editorial e de comunica\u00e7\u00e3o de marca da revista AGORA (revista de bordo vip da &hellip; <a href=\"https:\/\/www.santosdumont.org\/?page_id=70\" class=\"more-link\">Continue lendo <span class=\"screen-reader-text\">PR\u00caMIO &#8216;O HOMEM VOA&#8217;<\/span> <span class=\"meta-nav\">&rarr;<\/span><\/a><\/p>\n","protected":false},"author":4,"featured_media":0,"parent":0,"menu_order":0,"comment_status":"closed","ping_status":"closed","template":"","meta":{"footnotes":""},"class_list":["post-70","page","type-page","status-publish","hentry"],"_links":{"self":[{"href":"https:\/\/www.santosdumont.org\/index.php?rest_route=\/wp\/v2\/pages\/70","targetHints":{"allow":["GET"]}}],"collection":[{"href":"https:\/\/www.santosdumont.org\/index.php?rest_route=\/wp\/v2\/pages"}],"about":[{"href":"https:\/\/www.santosdumont.org\/index.php?rest_route=\/wp\/v2\/types\/page"}],"author":[{"embeddable":true,"href":"https:\/\/www.santosdumont.org\/index.php?rest_route=\/wp\/v2\/users\/4"}],"replies":[{"embeddable":true,"href":"https:\/\/www.santosdumont.org\/index.php?rest_route=%2Fwp%2Fv2%2Fcomments&post=70"}],"version-history":[{"count":5,"href":"https:\/\/www.santosdumont.org\/index.php?rest_route=\/wp\/v2\/pages\/70\/revisions"}],"predecessor-version":[{"id":79,"href":"https:\/\/www.santosdumont.org\/index.php?rest_route=\/wp\/v2\/pages\/70\/revisions\/79"}],"wp:attachment":[{"href":"https:\/\/www.santosdumont.org\/index.php?rest_route=%2Fwp%2Fv2%2Fmedia&parent=70"}],"curies":[{"name":"wp","href":"https:\/\/api.w.org\/{rel}","templated":true}]}}