{"id":2,"date":"2014-03-31T00:40:20","date_gmt":"2014-03-31T00:40:20","guid":{"rendered":"https:\/\/www.santosdumont.org\/?page_id=2"},"modified":"2024-04-24T13:11:34","modified_gmt":"2024-04-24T16:11:34","slug":"sample-page","status":"publish","type":"page","link":"https:\/\/www.santosdumont.org\/?page_id=2","title":{"rendered":"SOBRE  O  ICS=D"},"content":{"rendered":"\n<figure class=\"wp-block-image size-large\"><a href=\"https:\/\/www.santosdumont.org\/wp-content\/uploads\/2024\/04\/Santos-Dumont-brincando-com-seu-motor.jpg\"><img loading=\"lazy\" decoding=\"async\" width=\"1024\" height=\"682\" src=\"https:\/\/www.santosdumont.org\/wp-content\/uploads\/2024\/04\/Santos-Dumont-brincando-com-seu-motor-1024x682.jpg\" alt=\"\" class=\"wp-image-82\" srcset=\"https:\/\/www.santosdumont.org\/wp-content\/uploads\/2024\/04\/Santos-Dumont-brincando-com-seu-motor-1024x682.jpg 1024w, https:\/\/www.santosdumont.org\/wp-content\/uploads\/2024\/04\/Santos-Dumont-brincando-com-seu-motor-300x200.jpg 300w, https:\/\/www.santosdumont.org\/wp-content\/uploads\/2024\/04\/Santos-Dumont-brincando-com-seu-motor-768x512.jpg 768w, https:\/\/www.santosdumont.org\/wp-content\/uploads\/2024\/04\/Santos-Dumont-brincando-com-seu-motor.jpg 1222w\" sizes=\"auto, (max-width: 1024px) 100vw, 1024px\" \/><\/a><\/figure>\n\n\n\n<p>O ICSD promove a ci\u00eancia e os valores de Alberto Santos=Dumont por meio de iniciativas educacionais, culturais e premia\u00e7\u00f5es que reconhecem contribui\u00e7\u00f5es significativas para o avan\u00e7o cient\u00edfico e tecnol\u00f3gico, bem como para a dissemina\u00e7\u00e3o do legado de Santos=Dumont e outros cientistas brasileiros.<\/p>\n\n\n\n<p>1-Nossa miss\u00e3o \u00e9 romover o legado de Santos=Dumont, inspirando a inova\u00e7\u00e3o, o conhecimento e a excel\u00eancia cient\u00edfica, enquanto contribui para o desenvolvimento humano e social, principalmente no contexto brasileiro, por meio da preserva\u00e7\u00e3o da mem\u00f3ria hist\u00f3rica do aviador, da avia\u00e7\u00e3o e do est\u00edmulo \u00e0 educa\u00e7\u00e3o e ao acesso ao conhecimento;<\/p>\n\n\n\n<p>2-Nossa vis\u00e3o \u00e9 de nos tornarmos uma refer\u00eancia global, ou ao menos brasileira na promo\u00e7\u00e3o da ci\u00eancia, da tecnologia e da cultura, inspirada no exemplo e nos ideais de Santos=Dumont, buscando constantemente contribuir para um mundo mais inclusivo, inovador e sustent\u00e1vel;<\/p>\n\n\n\n<p>3-Nossos valores s\u00e3o:<\/p>\n\n\n\n<p>-o compromisso com a excel\u00eancia, equilibrando eleg\u00e2ncia com simplicidade, que sempre caracterizou os trabalhos de Santos=Dumont)<\/p>\n\n\n\n<p>O compromisso com a excel\u00eancia, equilibrando eleg\u00e2ncia com simplicidade, que sempre caracterizou os trabalhos de Santos=Dumont);<br>Buscar continuamente a qualidade e a efic\u00e1cia em todas as atividades, sem desperd\u00edcios ou a\u00e7\u00f5es desnecess\u00e1rias em projetos desenvolvidos, em honra ao legado de Santos=Dumont;<br>Estimular a inova\u00e7\u00e3o e a criatividade, a busca por solu\u00e7\u00f5es inovadoras que promovam avan\u00e7os cient\u00edficos, tecnol\u00f3gicos e sociais.<br>Agir sempre com honestidade, integridade e \u00e9tica, sempre com transpar\u00eancia e responsabilidade em todas as intera\u00e7\u00f5es;<br>Valorizar a colabora\u00e7\u00e3o e a parceria com indiv\u00edduos, organiza\u00e7\u00f5es e institui\u00e7\u00f5es que compartilham dos mesmos ideais e objetivos, visando alcan\u00e7ar resultados significativos em conjunto.<\/p>\n","protected":false},"excerpt":{"rendered":"<p>O ICSD promove a ci\u00eancia e os valores de Alberto Santos=Dumont por meio de iniciativas educacionais, culturais e premia\u00e7\u00f5es que reconhecem contribui\u00e7\u00f5es significativas para o avan\u00e7o cient\u00edfico e tecnol\u00f3gico, bem como para a dissemina\u00e7\u00e3o do legado de Santos=Dumont e outros cientistas brasileiros. 1-Nossa miss\u00e3o \u00e9 romover o legado de Santos=Dumont, inspirando a inova\u00e7\u00e3o, o conhecimento &hellip; <a href=\"https:\/\/www.santosdumont.org\/?page_id=2\" class=\"more-link\">Continue lendo <span class=\"screen-reader-text\">SOBRE  O  ICS=D<\/span> <span class=\"meta-nav\">&rarr;<\/span><\/a><\/p>\n","protected":false},"author":1,"featured_media":0,"parent":0,"menu_order":0,"comment_status":"open","ping_status":"open","template":"","meta":{"footnotes":""},"class_list":["post-2","page","type-page","status-publish","hentry"],"_links":{"self":[{"href":"https:\/\/www.santosdumont.org\/index.php?rest_route=\/wp\/v2\/pages\/2","targetHints":{"allow":["GET"]}}],"collection":[{"href":"https:\/\/www.santosdumont.org\/index.php?rest_route=\/wp\/v2\/pages"}],"about":[{"href":"https:\/\/www.santosdumont.org\/index.php?rest_route=\/wp\/v2\/types\/page"}],"author":[{"embeddable":true,"href":"https:\/\/www.santosdumont.org\/index.php?rest_route=\/wp\/v2\/users\/1"}],"replies":[{"embeddable":true,"href":"https:\/\/www.santosdumont.org\/index.php?rest_route=%2Fwp%2Fv2%2Fcomments&post=2"}],"version-history":[{"count":6,"href":"https:\/\/www.santosdumont.org\/index.php?rest_route=\/wp\/v2\/pages\/2\/revisions"}],"predecessor-version":[{"id":84,"href":"https:\/\/www.santosdumont.org\/index.php?rest_route=\/wp\/v2\/pages\/2\/revisions\/84"}],"wp:attachment":[{"href":"https:\/\/www.santosdumont.org\/index.php?rest_route=%2Fwp%2Fv2%2Fmedia&parent=2"}],"curies":[{"name":"wp","href":"https:\/\/api.w.org\/{rel}","templated":true}]}}